{"id":72,"date":"2018-05-22T17:33:49","date_gmt":"2018-05-22T17:33:49","guid":{"rendered":"http:\/\/prody-solar.de\/?page_id=72"},"modified":"2023-05-10T08:19:17","modified_gmt":"2023-05-10T08:19:17","slug":"solarluftsysteme","status":"publish","type":"page","link":"https:\/\/computerservice-marzahn.de\/prody\/produkte\/solarluftsysteme\/","title":{"rendered":"SolarLuftSysteme"},"content":{"rendered":"<p><span style=\"font-size: 12pt; font-family: arial, helvetica, sans-serif;\">Diese Systeme arbeiten mit dem problemlosen W\u00e4rmetr\u00e4ger Luft. Wie bei allen Solarsystemen steht auch hier der Solarluftkollektor in Zentrum, denn nur was im Kollektor gewonnen werden kann, steht zur weiteren Verteilung des entsprechenden Energiebedarfs\u00a0 zur Verf\u00fcgung. Die wichtigsten\u00a0<\/span><span style=\"font-size: 12pt; font-family: arial, helvetica, sans-serif;\">Vorteile der Solarluftkollektoren:<\/span><\/p>\n<ul>\n<li><span style=\"font-size: 12pt; font-family: arial, helvetica, sans-serif;\">Heizungsunterst\u00fctzung (bis zu 35% Heizkostenreduzierung)<\/span><\/li>\n<li><span style=\"font-size: 12pt; font-family: arial, helvetica, sans-serif;\">Lufterneuerung durch Bel\u00fcftung\u00a0 &#8211;\u00a0\u00a0<\/span><span style=\"font-size: 12pt; font-family: arial, helvetica, sans-serif;\">Kontrollierte Entfeuchtung\u00a0<\/span><\/li>\n<li><span style=\"font-size: 12pt; font-family: arial, helvetica, sans-serif;\">Warmwasserbereitung (ab 10 m\u00b2 Solarfl\u00e4che)<\/span><\/li>\n<\/ul>\n<p><strong style=\"font-size: 2.3855em;\"><span style=\"font-size: 12pt; font-family: arial, helvetica, sans-serif;\">Systembeschreibung<\/span><\/strong><\/p>\n<p><span style=\"font-size: 12pt; font-family: arial, helvetica, sans-serif;\"><strong>A.\u00a0<\/strong>Kleine Solarluftsysteme, die in jedes Geb\u00e4ude eingebaut werden k\u00f6nnen. Die Au\u00dfenluft wird beim solaren Angebot \u00fcber den Kollektor angesaugt und \u00fcber ein einfaches Rohrsystem in die gew\u00fcnschten R\u00e4ume verteilt. Der integrierte DC-Ventilator wird mittels der auch integrierten PV-Modul betrieben. Alles kompakt und autonom! Es gibt unterschiedliche Compact -Modelle, die unterschiedliche Raumvolumen (berechnet als Wohnfl\u00e4che) heizen bzw. bel\u00fcften k\u00f6nnen.<\/span><\/p>\n<p><img loading=\"lazy\" decoding=\"async\" class=\"alignnone wp-image-602\" src=\"https:\/\/computerservice-marzahn.de\/prody\/wp-content\/uploads\/2018\/08\/Twin-20.png\" alt=\"\" width=\"326\" height=\"265\" srcset=\"https:\/\/computerservice-marzahn.de\/prody\/wp-content\/uploads\/2018\/08\/Twin-20.png 742w, https:\/\/computerservice-marzahn.de\/prody\/wp-content\/uploads\/2018\/08\/Twin-20-300x244.png 300w, https:\/\/computerservice-marzahn.de\/prody\/wp-content\/uploads\/2018\/08\/Twin-20-150x122.png 150w\" sizes=\"auto, (max-width: 326px) 100vw, 326px\" \/>\u00a0 \u00a0 \u00a0 \u00a0\u00a0<img loading=\"lazy\" decoding=\"async\" class=\"alignnone wp-image-704\" src=\"https:\/\/computerservice-marzahn.de\/prody\/wp-content\/uploads\/2018\/08\/0004a.png\" alt=\"\" width=\"295\" height=\"295\" srcset=\"https:\/\/computerservice-marzahn.de\/prody\/wp-content\/uploads\/2018\/08\/0004a.png 800w, https:\/\/computerservice-marzahn.de\/prody\/wp-content\/uploads\/2018\/08\/0004a-150x150.png 150w, https:\/\/computerservice-marzahn.de\/prody\/wp-content\/uploads\/2018\/08\/0004a-300x300.png 300w, https:\/\/computerservice-marzahn.de\/prody\/wp-content\/uploads\/2018\/08\/0004a-768x768.png 768w\" sizes=\"auto, (max-width: 295px) 100vw, 295px\" \/><\/p>\n<p><span style=\"font-family: arial, helvetica, sans-serif; font-size: 13.3333px;\">\u00a0 Compact 2.0 geeignet f\u00fcr\u00a0<\/span><span style=\"font-family: arial, helvetica, sans-serif; font-size: 13.3333px;\">15-30 m\u00b2\u00a0<\/span><span style=\"font-family: arial, helvetica, sans-serif; font-size: 13.3333px;\">Wohnfl\u00e4che\u00a0 \u00a0 \u00a0 \u00a0 \u00a0 \u00a0 \u00a0 \u00a0 \u00a0Compact<\/span><span style=\"font-family: arial, helvetica, sans-serif; font-size: 13.3333px;\">\u00a04.0 geeignet f\u00fcr\u00a0<\/span><span style=\"font-family: arial, helvetica, sans-serif; font-size: 13.3333px;\">40-60m\u00b2 Wohnfl\u00e4che<\/span><\/p>\n<p><img loading=\"lazy\" decoding=\"async\" class=\"wp-image-605 alignnone\" src=\"https:\/\/computerservice-marzahn.de\/prody\/wp-content\/uploads\/2018\/08\/Twin-60.png\" alt=\"\" width=\"324\" height=\"198\" srcset=\"https:\/\/computerservice-marzahn.de\/prody\/wp-content\/uploads\/2018\/08\/Twin-60.png 800w, https:\/\/computerservice-marzahn.de\/prody\/wp-content\/uploads\/2018\/08\/Twin-60-300x183.png 300w, https:\/\/computerservice-marzahn.de\/prody\/wp-content\/uploads\/2018\/08\/Twin-60-768x469.png 768w, https:\/\/computerservice-marzahn.de\/prody\/wp-content\/uploads\/2018\/08\/Twin-60-150x92.png 150w\" sizes=\"auto, (max-width: 324px) 100vw, 324px\" \/>\u00a0 \u00a0 \u00a0<img loading=\"lazy\" decoding=\"async\" class=\"alignnone wp-image-685\" src=\"https:\/\/computerservice-marzahn.de\/prody\/wp-content\/uploads\/2018\/08\/Compact-Aufdach.png\" alt=\"\" width=\"358\" height=\"198\" srcset=\"https:\/\/computerservice-marzahn.de\/prody\/wp-content\/uploads\/2018\/08\/Compact-Aufdach.png 598w, https:\/\/computerservice-marzahn.de\/prody\/wp-content\/uploads\/2018\/08\/Compact-Aufdach-300x166.png 300w, https:\/\/computerservice-marzahn.de\/prody\/wp-content\/uploads\/2018\/08\/Compact-Aufdach-150x83.png 150w\" sizes=\"auto, (max-width: 358px) 100vw, 358px\" \/><\/p>\n<p><span style=\"font-family: arial, helvetica, sans-serif; font-size: 13.3333px;\">\u00a0 Compact 6.0 geeignet f\u00fcr 60-90 m\u00b2<\/span><span style=\"font-family: arial, helvetica, sans-serif; font-size: 13.3333px;\">\u00a0<\/span><span style=\"font-family: arial, helvetica, sans-serif; font-size: 13.3333px;\">\u00a0<\/span><span style=\"font-family: arial, helvetica, sans-serif; font-size: 13.3333px;\">Wohnfl\u00e4che\u00a0<\/span><span style=\"font-family: arial, helvetica, sans-serif; font-size: 13.3333px;\">\u00a0 \u00a0 \u00a0 \u00a0 \u00a0 \u00a0 \u00a0 \u00a0 \u00a0 \u00a0 \u00a0 \u00a0 \u00a0 Schematische Darstellung: Fassade-Montage\u00a0 \u00a0 \u00a0 \u00a0 \u00a0 \u00a0 \u00a0 \u00a0 \u00a0 \u00a0 \u00a0 \u00a0 \u00a0 \u00a0 \u00a0 \u00a0 \u00a0<\/span><\/p>\n<p><span style=\"font-size: 12pt; font-family: arial, helvetica, sans-serif;\">Anwendungsbereiche:<\/span><\/p>\n<table class=\"tbl1\" style=\"height: 138px;\">\n<tbody>\n<tr>\n<td style=\"width: 259px;\"><span style=\"font-family: arial, helvetica, sans-serif; font-size: 12pt;\">Wochenendhaus, Bungalow, Gartenlaube, Campingsplatz, Sommerresidenz<br \/><\/span><\/td>\n<td style=\"width: 213px;\"><span style=\"font-family: arial, helvetica, sans-serif; font-size: 12pt;\">Wohngeb\u00e4ude, Ein- und Mehrfamilienhaus, Schule u.s.w<br \/><\/span><\/td>\n<\/tr>\n<tr style=\"height: 24px;\">\n<td style=\"height: 24px; width: 259px;\"><span style=\"font-family: arial, helvetica, sans-serif; font-size: 12pt;\">Kellerr\u00e4ume und bestimmte &#8222;k\u00fchle&#8220; R\u00e4ume, die sich auf der Nord-Seite des Hauses befinden<\/span><\/td>\n<td style=\"height: 24px; width: 213px;\"><span style=\"font-family: arial, helvetica, sans-serif; font-size: 12pt;\">unzureichend <\/span><span style=\"font-family: arial, helvetica, sans-serif; font-size: 12pt;\">entfeuchtete Neubauten f\u00fcr eine gute Erhaltung der Bausubstanz<\/span><\/td>\n<\/tr>\n<\/tbody>\n<\/table>\n<p><strong><span style=\"font-size: 10pt; font-family: arial, helvetica, sans-serif;\">Technische Details und Preise\u00a0\u2192 DOWNLOADS<\/span><\/strong><\/p>\n<p><span style=\"font-size: 12pt; font-family: arial, helvetica, sans-serif;\"><strong>B. <\/strong>Gro\u00dfe\u00a0Solarluftsysteme f\u00fcr Heizungsunterst\u00fctzung, Prozessw\u00e4rme und Warmwasser-Bereitung<\/span><\/p>\n<p><img loading=\"lazy\" decoding=\"async\" class=\"alignnone wp-image-717\" src=\"https:\/\/computerservice-marzahn.de\/prody\/wp-content\/uploads\/2018\/08\/jumbo.png\" alt=\"\" width=\"340\" height=\"176\" srcset=\"https:\/\/computerservice-marzahn.de\/prody\/wp-content\/uploads\/2018\/08\/jumbo.png 463w, https:\/\/computerservice-marzahn.de\/prody\/wp-content\/uploads\/2018\/08\/jumbo-300x155.png 300w, https:\/\/computerservice-marzahn.de\/prody\/wp-content\/uploads\/2018\/08\/jumbo-150x77.png 150w\" sizes=\"auto, (max-width: 340px) 100vw, 340px\" \/>\u00a0 \u00a0 \u00a0 \u00a0<img loading=\"lazy\" decoding=\"async\" class=\"alignnone wp-image-718\" src=\"https:\/\/computerservice-marzahn.de\/prody\/wp-content\/uploads\/2018\/08\/jumbo-schema.png\" alt=\"\" width=\"307\" height=\"177\" srcset=\"https:\/\/computerservice-marzahn.de\/prody\/wp-content\/uploads\/2018\/08\/jumbo-schema.png 710w, https:\/\/computerservice-marzahn.de\/prody\/wp-content\/uploads\/2018\/08\/jumbo-schema-300x174.png 300w, https:\/\/computerservice-marzahn.de\/prody\/wp-content\/uploads\/2018\/08\/jumbo-schema-150x87.png 150w\" sizes=\"auto, (max-width: 307px) 100vw, 307px\" \/><\/p>\n<p><span style=\"font-family: arial, helvetica, sans-serif; font-size: 10pt;\">\u00a0 \u00a0 \u00a0 Jumbo 20.0 geeignet f\u00fcr 150-200m\u00b2 Wohnfl\u00e4che\u00a0 \u00a0 \u00a0 \u00a0 \u00a0 \u00a0 \u00a0 \u00a0 \u00a0 \u00a0 \u00a0 \u00a0 \u00a0Schematische Darstellung: Aufdachmontage<\/span><\/p>\n<p><span style=\"font-size: 12pt; font-family: arial, helvetica, sans-serif;\">Anwendungsbereiche:<\/span><\/p>\n<ul>\n<li><span style=\"font-size: 12pt; font-family: arial, helvetica, sans-serif;\">Niedrigenergie-, Ein- und Mehrfamilienh\u00e4user\u00a0 \/\/\u00a0<\/span><span style=\"font-size: 12pt; font-family: arial, helvetica, sans-serif;\">Krankenh\u00e4user und Seniorenheime\u00a0 <\/span><\/li>\n<li><span style=\"font-size: 12pt; font-family: arial, helvetica, sans-serif;\">Hotels, Pensionen und Restaurants<\/span><\/li>\n<li><span style=\"font-size: 12pt; font-family: arial, helvetica, sans-serif;\">Industriehallen \/\/ Prozessw\u00e4rme wie z.B. Lackierungs- und Trocknungsprozesse<\/span><\/li>\n<\/ul>\n<p><span style=\"font-size: 12pt; font-family: arial, helvetica, sans-serif; color: #ff0000;\"><strong>Alle Solarluftkollektoren, die f\u00fcr Heizungsunterst\u00fctzung angewendet werden, sind von BAFA gef\u00f6rdert!\u00a0<\/strong><\/span><\/p>\n<p><strong><span style=\"font-family: arial, helvetica, sans-serif; font-size: 10pt;\">Bilder: Grammer Solar<\/span><\/strong><\/p>\n\n\n<p><span style=\"text-decoration: underline;\"><strong>Auswahl Referenzen Berlin-Brandenburg<\/strong><\/span><\/p>\n<ul>\n<li>Solarluftanlage 1,3 m\u00b2 &#8211; Privat, Berlin-Biesdorf<\/li>\n<li>Solarluftanlage 4 m\u00b2 &#8211; Privat, Berlin-Tegel<\/li>\n<li>Solarluftanlage 2m\u00b2 &#8211; Privat, Zossen \/ Brandenburg<\/li>\n<li>Solarluftanlage 2 m\u00b2 &#8211; Privat, Velten \/ Brandenburg<\/li>\n<li>Solarluftanlage 2 m\u00b2 &#8211; Privat, Berlin-Wei\u00dfensee<\/li>\n<\/ul>\n","protected":false},"excerpt":{"rendered":"<p>Diese Systeme arbeiten mit dem problemlosen W\u00e4rmetr\u00e4ger Luft. Wie bei allen Solarsystemen steht auch hier der Solarluftkollektor in Zentrum, denn nur was im Kollektor gewonnen werden kann, steht zur weiteren Verteilung des entsprechenden Energiebedarfs\u00a0 zur Verf\u00fcgung. Die wichtigsten\u00a0Vorteile der Solarluftkollektoren: Heizungsunterst\u00fctzung (bis zu 35% Heizkostenreduzierung) Lufterneuerung durch Bel\u00fcftung\u00a0 &#8211;\u00a0\u00a0Kontrollierte Entfeuchtung\u00a0 Warmwasserbereitung (ab 10 m\u00b2 Solarfl\u00e4che)&hellip; <\/p>\n<div class=\"readmore-wrapper\"><a href=\"https:\/\/computerservice-marzahn.de\/prody\/produkte\/solarluftsysteme\/\" class=\"more-link\">Read <\/a><\/div>\n","protected":false},"author":1,"featured_media":0,"parent":41,"menu_order":1,"comment_status":"closed","ping_status":"closed","template":"","meta":{"footnotes":""},"class_list":["post-72","page","type-page","status-publish","hentry","wpautop"],"_links":{"self":[{"href":"https:\/\/computerservice-marzahn.de\/prody\/wp-json\/wp\/v2\/pages\/72","targetHints":{"allow":["GET"]}}],"collection":[{"href":"https:\/\/computerservice-marzahn.de\/prody\/wp-json\/wp\/v2\/pages"}],"about":[{"href":"https:\/\/computerservice-marzahn.de\/prody\/wp-json\/wp\/v2\/types\/page"}],"author":[{"embeddable":true,"href":"https:\/\/computerservice-marzahn.de\/prody\/wp-json\/wp\/v2\/users\/1"}],"replies":[{"embeddable":true,"href":"https:\/\/computerservice-marzahn.de\/prody\/wp-json\/wp\/v2\/comments?post=72"}],"version-history":[{"count":97,"href":"https:\/\/computerservice-marzahn.de\/prody\/wp-json\/wp\/v2\/pages\/72\/revisions"}],"predecessor-version":[{"id":1059,"href":"https:\/\/computerservice-marzahn.de\/prody\/wp-json\/wp\/v2\/pages\/72\/revisions\/1059"}],"up":[{"embeddable":true,"href":"https:\/\/computerservice-marzahn.de\/prody\/wp-json\/wp\/v2\/pages\/41"}],"wp:attachment":[{"href":"https:\/\/computerservice-marzahn.de\/prody\/wp-json\/wp\/v2\/media?parent=72"}],"curies":[{"name":"wp","href":"https:\/\/api.w.org\/{rel}","templated":true}]}}