{"id":62,"date":"2018-05-22T17:27:51","date_gmt":"2018-05-22T17:27:51","guid":{"rendered":"http:\/\/prody-solar.de\/?page_id=62"},"modified":"2023-03-23T07:50:53","modified_gmt":"2023-03-23T07:50:53","slug":"seite-2","status":"publish","type":"page","link":"https:\/\/computerservice-marzahn.de\/prody\/produkte\/seite-2\/","title":{"rendered":"Solare Trocknungsanlagen"},"content":{"rendered":"<div><span style=\"font-family: arial, helvetica, sans-serif; font-size: 12pt;\">Der Einsatz von Solarenergie zur Lufterw\u00e4rmung, die als Trocknungsmittel benutzt wird, kann als eine die effizienteste Nutzung von Solarenergie gelten. Die Sonnenstrahlen werden direkt in W\u00e4rme umgewandelt und direkt als Prozessluft verarbeitet. Einfach und effizient! Deswegen ist die \u201eSolare Trocknung\u201c als Zukunftstechnologie so interessant! Einige klare Vorteile:<\/span><\/div>\n<ul type=\"disc\">\n<li>\n<div><span style=\"font-family: arial, helvetica, sans-serif; font-size: 12pt;\">Kostenreduzierung beim Prim\u00e4renergieaufwand f\u00fcr W\u00e4rmeenergie und somit hohe Energiekosteneinsparung. Dies ist f\u00fcr die Zukunft der entscheidende Faktor!<\/span><\/div>\n<\/li>\n<li>\n<div><span style=\"font-family: arial, helvetica, sans-serif; font-size: 12pt;\">Das Solarsystem ist weitgehend wartungsfrei und langlebig, da wenige Verschlei\u00dfteile integriert sind.<\/span><\/div>\n<\/li>\n<li>\n<div><span style=\"font-family: arial, helvetica, sans-serif; font-size: 12pt;\">Relative geringe Anschaffungskosten! Besonders g\u00fcnstig bei Umr\u00fcstung bestehender Hallen. Viele Anlagenkomponenten k\u00f6nnen vom Betreiber selbst erstellt und in Eigenleistung erbracht werden.<\/span><\/div>\n<\/li>\n<li>\n<div><span style=\"font-family: arial, helvetica, sans-serif; font-size: 12pt;\">Weitestgehende Unabh\u00e4ngigkeit von Energielieferanten, weltweit einsetzbar und bei Einsatz von Photovoltaik zur Stromerzeugung energieautark betriebsf\u00e4hig.<\/span><\/div>\n<\/li>\n<li>\n<div><span style=\"font-family: arial, helvetica, sans-serif; font-size: 12pt;\">&#8230;und selbstverst\u00e4ndlich Keine Umweltbelastung!<\/span><\/div>\n<\/li>\n<\/ul>\n<p style=\"text-align: center;\"><span style=\"font-family: arial, helvetica, sans-serif;\"><strong><em>Auswahl Referenzen<\/em><\/strong><\/span><\/p>\n<p style=\"text-align: center;\"><span style=\"font-family: arial, helvetica, sans-serif; font-size: 12pt;\">Heilpflanzen Trocknung: Fa. Hofigal SA Bukarest, Rum\u00e4nien<\/span><\/p>\n<p><a href=\"https:\/\/computerservice-marzahn.de\/prody\/wp-content\/uploads\/2018\/08\/H2_4.bmp\"><img loading=\"lazy\" decoding=\"async\" class=\"alignnone wp-image-739\" src=\"https:\/\/computerservice-marzahn.de\/prody\/wp-content\/uploads\/2018\/08\/H2_4.bmp\" alt=\"\" width=\"416\" height=\"282\" \/>\u00a0 \u00a0 \u00a0\u00a0\u00a0<\/a><a href=\"https:\/\/computerservice-marzahn.de\/prody\/wp-content\/uploads\/2018\/08\/hof-023.bmp\"><img loading=\"lazy\" decoding=\"async\" class=\"alignnone wp-image-740\" src=\"https:\/\/computerservice-marzahn.de\/prody\/wp-content\/uploads\/2018\/08\/hof-023.bmp\" alt=\"\" width=\"194\" height=\"291\" \/><\/a><\/p>\n<p style=\"text-align: center;\"><span style=\"font-family: arial, helvetica, sans-serif; font-size: 12pt;\">Heilpflanzen Trocknung Fa.Aroma Plant SRL Furculesti\/Teleorman, Rum\u00e4nien<\/span><\/p>\n<p><img loading=\"lazy\" decoding=\"async\" class=\"alignnone wp-image-741\" src=\"https:\/\/computerservice-marzahn.de\/prody\/wp-content\/uploads\/2018\/08\/IMG_2845a-1.jpg\" alt=\"\" width=\"353\" height=\"265\" srcset=\"https:\/\/computerservice-marzahn.de\/prody\/wp-content\/uploads\/2018\/08\/IMG_2845a-1.jpg 816w, https:\/\/computerservice-marzahn.de\/prody\/wp-content\/uploads\/2018\/08\/IMG_2845a-1-300x225.jpg 300w, https:\/\/computerservice-marzahn.de\/prody\/wp-content\/uploads\/2018\/08\/IMG_2845a-1-768x576.jpg 768w, https:\/\/computerservice-marzahn.de\/prody\/wp-content\/uploads\/2018\/08\/IMG_2845a-1-150x113.jpg 150w\" sizes=\"auto, (max-width: 353px) 100vw, 353px\" \/>\u00a0 \u00a0 \u00a0<img loading=\"lazy\" decoding=\"async\" class=\"alignnone wp-image-742\" src=\"https:\/\/computerservice-marzahn.de\/prody\/wp-content\/uploads\/2018\/08\/IMG_2844a.jpg\" alt=\"\" width=\"351\" height=\"263\" srcset=\"https:\/\/computerservice-marzahn.de\/prody\/wp-content\/uploads\/2018\/08\/IMG_2844a.jpg 816w, https:\/\/computerservice-marzahn.de\/prody\/wp-content\/uploads\/2018\/08\/IMG_2844a-300x225.jpg 300w, https:\/\/computerservice-marzahn.de\/prody\/wp-content\/uploads\/2018\/08\/IMG_2844a-768x576.jpg 768w, https:\/\/computerservice-marzahn.de\/prody\/wp-content\/uploads\/2018\/08\/IMG_2844a-150x113.jpg 150w\" sizes=\"auto, (max-width: 351px) 100vw, 351px\" \/><\/p>\n<p style=\"text-align: center;\"><span style=\"font-family: arial, helvetica, sans-serif; font-size: 12pt;\">Tabak Trocknung, Fa. Inter Agro SRL Zimnicea, Rum\u00e4nien<\/span><\/p>\n<p><img loading=\"lazy\" decoding=\"async\" class=\"alignnone wp-image-743\" src=\"https:\/\/computerservice-marzahn.de\/prody\/wp-content\/uploads\/2018\/08\/Zimnicea-2.png\" alt=\"\" width=\"355\" height=\"245\" srcset=\"https:\/\/computerservice-marzahn.de\/prody\/wp-content\/uploads\/2018\/08\/Zimnicea-2.png 463w, https:\/\/computerservice-marzahn.de\/prody\/wp-content\/uploads\/2018\/08\/Zimnicea-2-300x207.png 300w, https:\/\/computerservice-marzahn.de\/prody\/wp-content\/uploads\/2018\/08\/Zimnicea-2-150x103.png 150w\" sizes=\"auto, (max-width: 355px) 100vw, 355px\" \/>\u00a0 \u00a0 \u00a0 \u00a0<img loading=\"lazy\" decoding=\"async\" class=\"alignnone wp-image-744\" src=\"https:\/\/computerservice-marzahn.de\/prody\/wp-content\/uploads\/2018\/08\/zimnicea.bmp\" alt=\"\" width=\"299\" height=\"246\" \/><\/p>\n","protected":false},"excerpt":{"rendered":"<p>Der Einsatz von Solarenergie zur Lufterw\u00e4rmung, die als Trocknungsmittel benutzt wird, kann als eine die effizienteste Nutzung von Solarenergie gelten. Die Sonnenstrahlen werden direkt in W\u00e4rme umgewandelt und direkt als Prozessluft verarbeitet. Einfach und effizient! Deswegen ist die \u201eSolare Trocknung\u201c als Zukunftstechnologie so interessant! Einige klare Vorteile: Kostenreduzierung beim Prim\u00e4renergieaufwand f\u00fcr W\u00e4rmeenergie und somit hohe&hellip; <\/p>\n<div class=\"readmore-wrapper\"><a href=\"https:\/\/computerservice-marzahn.de\/prody\/produkte\/seite-2\/\" class=\"more-link\">Read <\/a><\/div>\n","protected":false},"author":1,"featured_media":0,"parent":41,"menu_order":0,"comment_status":"closed","ping_status":"closed","template":"","meta":{"footnotes":""},"class_list":["post-62","page","type-page","status-publish","hentry","wpautop"],"_links":{"self":[{"href":"https:\/\/computerservice-marzahn.de\/prody\/wp-json\/wp\/v2\/pages\/62","targetHints":{"allow":["GET"]}}],"collection":[{"href":"https:\/\/computerservice-marzahn.de\/prody\/wp-json\/wp\/v2\/pages"}],"about":[{"href":"https:\/\/computerservice-marzahn.de\/prody\/wp-json\/wp\/v2\/types\/page"}],"author":[{"embeddable":true,"href":"https:\/\/computerservice-marzahn.de\/prody\/wp-json\/wp\/v2\/users\/1"}],"replies":[{"embeddable":true,"href":"https:\/\/computerservice-marzahn.de\/prody\/wp-json\/wp\/v2\/comments?post=62"}],"version-history":[{"count":17,"href":"https:\/\/computerservice-marzahn.de\/prody\/wp-json\/wp\/v2\/pages\/62\/revisions"}],"predecessor-version":[{"id":798,"href":"https:\/\/computerservice-marzahn.de\/prody\/wp-json\/wp\/v2\/pages\/62\/revisions\/798"}],"up":[{"embeddable":true,"href":"https:\/\/computerservice-marzahn.de\/prody\/wp-json\/wp\/v2\/pages\/41"}],"wp:attachment":[{"href":"https:\/\/computerservice-marzahn.de\/prody\/wp-json\/wp\/v2\/media?parent=62"}],"curies":[{"name":"wp","href":"https:\/\/api.w.org\/{rel}","templated":true}]}}