{"id":53,"date":"2018-05-22T17:24:18","date_gmt":"2018-05-22T17:24:18","guid":{"rendered":"http:\/\/prody-solar.de\/?page_id=53"},"modified":"2023-04-18T09:33:32","modified_gmt":"2023-04-18T09:33:32","slug":"impressum","status":"publish","type":"page","link":"https:\/\/computerservice-marzahn.de\/prody\/impressum\/","title":{"rendered":"Impressum"},"content":{"rendered":"<h2><span style=\"font-family: arial, helvetica, sans-serif; font-size: 24pt;\">Anschrift<\/span><\/h2>\n<p><span style=\"font-family: arial, helvetica, sans-serif; font-size: 12pt;\">PRODY SOLAR<\/span><br \/>\n<span style=\"font-family: arial, helvetica, sans-serif; font-size: 12pt;\">Bitterfelder Str. 15<\/span><br \/>\n<span style=\"font-family: arial, helvetica, sans-serif; font-size: 12pt;\">12681 Berlin-Marzahn<\/span><\/p>\n<h2>Kontakt<\/h2>\n<p><span style=\"font-family: arial, helvetica, sans-serif; font-size: 12pt;\">Tel.: 030-258169-75<\/span><br \/>\n<span style=\"font-family: arial, helvetica, sans-serif; font-size: 12pt;\">email: office (at) prody-solar.de<\/span><\/p>\n<h2><span style=\"font-size: 24pt; font-family: arial, helvetica, sans-serif;\">Inhaber<\/span><\/h2>\n<p><span style=\"font-family: arial, helvetica, sans-serif; font-size: 12pt;\">Dipl.Ing. Corneliu Prodan<\/span><br \/>\n<span style=\"font-family: arial, helvetica, sans-serif; font-size: 12pt;\">Gewerbeamt Berlin-Marzahn, 2014<\/span><br \/>\n<span style=\"font-family: arial, helvetica, sans-serif; font-size: 12pt;\">USt-IdNr.\u00a0 DE 269497842<\/span><\/p>\n<h2><span style=\"font-family: arial, helvetica, sans-serif; font-size: 24pt;\">Herausgeber<\/span><\/h2>\n<p><span style=\"font-family: arial, helvetica, sans-serif; font-size: 12pt;\">PRODY SOLAR<\/span><br \/>\n<span style=\"font-family: arial, helvetica, sans-serif; font-size: 12pt;\">Die Texte, Bilder, Grafiken, Gestaltung, Anordnung und Logo dieser Website sind urheberrechtlich gesch\u00fctzt. Jeder Gebrauch, einschlie\u00dflich der Vervielf\u00e4ltigung, Verbreitung und Verarbeitung ist nur im Rahmen der gesetzlich vorgeschriebenen Grenzen und nur mit Zustimmung des Rechteinhabers zul\u00e4ssig. Downloads und Kopien dieser Seite sind nur f\u00fcr private, nicht kommerziellen Gebrauch gestattet.<\/span><\/p>\n<h2><span style=\"font-family: arial, helvetica, sans-serif; font-size: 24pt;\">Anregungen und Meinungen<\/span><\/h2>\n<p><span style=\"font-family: arial, helvetica, sans-serif; font-size: 12pt;\">Kritik, Lob und konstruktive Vorschl\u00e4ge senden Sie bitte an unsere e-mail-Adresse. Die Website wurde mit gr\u00f6\u00dftm\u00f6glicher Sorgfalt erstellt. F\u00fcr Fehlerfreiheit der enthaltenen Informationen kann jedoch nicht garantiert werden. Jegliche Haftung f\u00fcr Sch\u00e4den, die direkt oder indirekt aus der Nutzung dieser Website entstehen, wird ausgeschlossen. \u00c4nderungen der Inhalte dieser Seiten bleiben jederzeit ausdr\u00fccklich vorbehalten.<br \/>\n<\/span><\/p>\n","protected":false},"excerpt":{"rendered":"<p>Anschrift PRODY SOLAR Bitterfelder Str. 15 12681 Berlin-Marzahn Kontakt Tel.: 030-258169-75 email: office (at) prody-solar.de Inhaber Dipl.Ing. Corneliu Prodan Gewerbeamt Berlin-Marzahn, 2014 USt-IdNr.\u00a0 DE 269497842 Herausgeber PRODY SOLAR Die Texte, Bilder, Grafiken, Gestaltung, Anordnung und Logo dieser Website sind urheberrechtlich gesch\u00fctzt. Jeder Gebrauch, einschlie\u00dflich der Vervielf\u00e4ltigung, Verbreitung und Verarbeitung ist nur im Rahmen der gesetzlich&hellip; <\/p>\n<div class=\"readmore-wrapper\"><a href=\"https:\/\/computerservice-marzahn.de\/prody\/impressum\/\" class=\"more-link\">Read <\/a><\/div>\n","protected":false},"author":1,"featured_media":0,"parent":0,"menu_order":0,"comment_status":"closed","ping_status":"closed","template":"","meta":{"footnotes":""},"class_list":["post-53","page","type-page","status-publish","hentry","wpautop"],"_links":{"self":[{"href":"https:\/\/computerservice-marzahn.de\/prody\/wp-json\/wp\/v2\/pages\/53","targetHints":{"allow":["GET"]}}],"collection":[{"href":"https:\/\/computerservice-marzahn.de\/prody\/wp-json\/wp\/v2\/pages"}],"about":[{"href":"https:\/\/computerservice-marzahn.de\/prody\/wp-json\/wp\/v2\/types\/page"}],"author":[{"embeddable":true,"href":"https:\/\/computerservice-marzahn.de\/prody\/wp-json\/wp\/v2\/users\/1"}],"replies":[{"embeddable":true,"href":"https:\/\/computerservice-marzahn.de\/prody\/wp-json\/wp\/v2\/comments?post=53"}],"version-history":[{"count":9,"href":"https:\/\/computerservice-marzahn.de\/prody\/wp-json\/wp\/v2\/pages\/53\/revisions"}],"predecessor-version":[{"id":977,"href":"https:\/\/computerservice-marzahn.de\/prody\/wp-json\/wp\/v2\/pages\/53\/revisions\/977"}],"wp:attachment":[{"href":"https:\/\/computerservice-marzahn.de\/prody\/wp-json\/wp\/v2\/media?parent=53"}],"curies":[{"name":"wp","href":"https:\/\/api.w.org\/{rel}","templated":true}]}}