{"id":41,"date":"2018-05-22T17:23:46","date_gmt":"2018-05-22T17:23:46","guid":{"rendered":"http:\/\/prody-solar.de\/?page_id=41"},"modified":"2023-04-18T12:39:59","modified_gmt":"2023-04-18T12:39:59","slug":"produkte","status":"publish","type":"page","link":"https:\/\/computerservice-marzahn.de\/prody\/produkte\/","title":{"rendered":"Produkte"},"content":{"rendered":"<p>Wir bleiben weiter treu unseren Solarluftsystemen, die in den letzten 15 Jahre haben uns \u00fcber ihre Effizienz f\u00fcr die Bel\u00fcftung, Heizungsunterst\u00fctzung und Trocknung von Bioprodukten total \u00fcberzeugt.<\/p>\n<p>Hybridsysteme mittels Solar- und Biomasseenergie, die intelligent W\u00e4rme, Warmwasser oder Warmeluft produziert k\u00f6nnen, haben &#8211; unser Meinung nach &#8211; gute Chansen f\u00fcr eine breite Anwendung.<\/p>\n<p>Dezentrale Stromerzeugung mittels innovativen PV-Komponenten sind in der letzen Zeit mehr gefragt. Stromerzeugung f\u00fcr eigene Gartenlaube, Notstromquelle bei Stromausfall, Ladestrom f\u00fcr unterschiedlichen Akkus einschlie\u00dflich deren von elektrischen Autos sind nur eigenen Anwendungen dieser autonomen Systemen.<\/p>\n<p>In diesem Sinne sind unsere Produkte\u00a0 orientiert.<\/p>\n","protected":false},"excerpt":{"rendered":"<p>Wir bleiben weiter treu unseren Solarluftsystemen, die in den letzten 15 Jahre haben uns \u00fcber ihre Effizienz f\u00fcr die Bel\u00fcftung, Heizungsunterst\u00fctzung und Trocknung von Bioprodukten total \u00fcberzeugt. Hybridsysteme mittels Solar- und Biomasseenergie, die intelligent W\u00e4rme, Warmwasser oder Warmeluft produziert k\u00f6nnen, haben &#8211; unser Meinung nach &#8211; gute Chansen f\u00fcr eine breite Anwendung. Dezentrale Stromerzeugung mittels&hellip; <\/p>\n<div class=\"readmore-wrapper\"><a href=\"https:\/\/computerservice-marzahn.de\/prody\/produkte\/\" class=\"more-link\">Read <\/a><\/div>\n","protected":false},"author":1,"featured_media":0,"parent":0,"menu_order":0,"comment_status":"closed","ping_status":"closed","template":"","meta":{"footnotes":""},"class_list":["post-41","page","type-page","status-publish","hentry","wpautop"],"_links":{"self":[{"href":"https:\/\/computerservice-marzahn.de\/prody\/wp-json\/wp\/v2\/pages\/41","targetHints":{"allow":["GET"]}}],"collection":[{"href":"https:\/\/computerservice-marzahn.de\/prody\/wp-json\/wp\/v2\/pages"}],"about":[{"href":"https:\/\/computerservice-marzahn.de\/prody\/wp-json\/wp\/v2\/types\/page"}],"author":[{"embeddable":true,"href":"https:\/\/computerservice-marzahn.de\/prody\/wp-json\/wp\/v2\/users\/1"}],"replies":[{"embeddable":true,"href":"https:\/\/computerservice-marzahn.de\/prody\/wp-json\/wp\/v2\/comments?post=41"}],"version-history":[{"count":3,"href":"https:\/\/computerservice-marzahn.de\/prody\/wp-json\/wp\/v2\/pages\/41\/revisions"}],"predecessor-version":[{"id":797,"href":"https:\/\/computerservice-marzahn.de\/prody\/wp-json\/wp\/v2\/pages\/41\/revisions\/797"}],"wp:attachment":[{"href":"https:\/\/computerservice-marzahn.de\/prody\/wp-json\/wp\/v2\/media?parent=41"}],"curies":[{"name":"wp","href":"https:\/\/api.w.org\/{rel}","templated":true}]}}