{"id":2,"date":"2016-05-10T03:48:21","date_gmt":"2016-05-10T03:48:21","guid":{"rendered":"http:\/\/prody-solar.de\/?page_id=2"},"modified":"2024-10-25T03:40:31","modified_gmt":"2024-10-25T03:40:31","slug":"sample-page","status":"publish","type":"page","link":"https:\/\/computerservice-marzahn.de\/prody\/","title":{"rendered":"Home"},"content":{"rendered":"<p><span style=\"font-family: arial, helvetica, sans-serif; font-size: 12pt;\"><strong><span style=\"color: #008080;\">P<\/span><\/strong><strong><span style=\"color: #008080;\">RODY SOLAR<\/span>\u00a0<\/strong>ist seit 2004 auf dem deutschen und ausl\u00e4ndischen Markt &#8211; vorwiegend Rum\u00e4nien &#8211; erfolgreich aktiv. Das Portfolio reicht\u00a0 von Beratung und Projektierung bis hin zur\u00a0 Realisierung von Projekten im Spektrum vielf\u00e4ltiger Anwendungen der Solarenergie in den Bereichen Solarthermie, solare Prozessw\u00e4rme und Fotovoltaik.<br \/>\n<\/span><\/p>\n<p><span style=\"font-family: arial, helvetica, sans-serif; font-size: 12pt;\">In dieser Zeitspanne bis 2024 wurde die Entwicklung von solaren Energiesysteme vorangetrieben.<\/span><span style=\"font-family: arial, helvetica, sans-serif; font-size: 12pt;\">\u00a0W\u00e4rme und Strom f\u00fcrs eigene Haus mit dem Kraft der Sonne selbst zu produzieren ist heutzutage keine Seltenheit.\u00a0<\/span><span style=\"font-family: arial, helvetica, sans-serif; font-size: 12pt;\">I<\/span><span style=\"font-family: arial, helvetica, sans-serif; font-size: 16px;\">ntelligente Energiemix-Konzepte,<\/span><span style=\"font-family: arial, helvetica, sans-serif; font-size: 16px;\">\u00a0i<\/span><span style=\"font-family: arial, helvetica, sans-serif; font-size: 12pt;\">nnovative Hybrid Technologien, und besonders effiziente solare Speichertechnologien beschleunigen diesen Trend.<\/span><\/p>\n<p>In<span style=\"font-family: arial, helvetica, sans-serif; font-size: 12pt;\"> diesem Sinne lautet weiter unseres Credo in der Ausbau der dezentralen Energieerzeugung auf der Basis solarer Energie.\u00a0 PRODY SOLAR bem\u00fcht sich st\u00e4ndig innovative L\u00f6sungen aufzunehmen und selbst in der Praxis zu integrieren. Alle unsere Projekte werden gem\u00e4\u00df folgender Grunds\u00e4tze realisiert:<\/span><\/p>\n<ul>\n<li><span style=\"font-family: arial, helvetica, sans-serif; font-size: 12pt;\">Planungsanpassung an Kundenw\u00fcnsche : f\u00fcr jedes Einzelprojekt wird ein optimaler technischer Vorschlag hinsichtlich einer \u00f6kologisch sinnvollen Investition gesucht, argumentiert und empfohlen.<\/span><\/li>\n<li><span style=\"font-family: arial, helvetica, sans-serif; font-size: 12pt;\">Zuverl\u00e4ssigkeit bei der Planung und die Begleitung bei der Projektausf\u00fchrung.\u00a0<\/span><\/li>\n<li><span style=\"font-family: arial, helvetica, sans-serif; font-size: 12pt;\">Langlebigkeit der realisierten Projekten durch Nutzung von qualitativen Komponenten.<\/span><\/li>\n<\/ul>\n","protected":false},"excerpt":{"rendered":"<p>PRODY SOLAR\u00a0ist seit 2004 auf dem deutschen und ausl\u00e4ndischen Markt &#8211; vorwiegend Rum\u00e4nien &#8211; erfolgreich aktiv. Das Portfolio reicht\u00a0 von Beratung und Projektierung bis hin zur\u00a0 Realisierung von Projekten im Spektrum vielf\u00e4ltiger Anwendungen der Solarenergie in den Bereichen Solarthermie, solare Prozessw\u00e4rme und Fotovoltaik. In dieser Zeitspanne bis 2024 wurde die Entwicklung von solaren Energiesysteme vorangetrieben.\u00a0W\u00e4rme&hellip; <\/p>\n<div class=\"readmore-wrapper\"><a href=\"https:\/\/computerservice-marzahn.de\/prody\/\" class=\"more-link\">Read <\/a><\/div>\n","protected":false},"author":1,"featured_media":0,"parent":0,"menu_order":0,"comment_status":"closed","ping_status":"open","template":"","meta":{"footnotes":""},"class_list":["post-2","page","type-page","status-publish","hentry","wpautop"],"_links":{"self":[{"href":"https:\/\/computerservice-marzahn.de\/prody\/wp-json\/wp\/v2\/pages\/2","targetHints":{"allow":["GET"]}}],"collection":[{"href":"https:\/\/computerservice-marzahn.de\/prody\/wp-json\/wp\/v2\/pages"}],"about":[{"href":"https:\/\/computerservice-marzahn.de\/prody\/wp-json\/wp\/v2\/types\/page"}],"author":[{"embeddable":true,"href":"https:\/\/computerservice-marzahn.de\/prody\/wp-json\/wp\/v2\/users\/1"}],"replies":[{"embeddable":true,"href":"https:\/\/computerservice-marzahn.de\/prody\/wp-json\/wp\/v2\/comments?post=2"}],"version-history":[{"count":24,"href":"https:\/\/computerservice-marzahn.de\/prody\/wp-json\/wp\/v2\/pages\/2\/revisions"}],"predecessor-version":[{"id":1181,"href":"https:\/\/computerservice-marzahn.de\/prody\/wp-json\/wp\/v2\/pages\/2\/revisions\/1181"}],"wp:attachment":[{"href":"https:\/\/computerservice-marzahn.de\/prody\/wp-json\/wp\/v2\/media?parent=2"}],"curies":[{"name":"wp","href":"https:\/\/api.w.org\/{rel}","templated":true}]}}