{"id":146,"date":"2018-05-27T07:28:58","date_gmt":"2018-05-27T07:28:58","guid":{"rendered":"http:\/\/prody-solar.de\/?page_id=146"},"modified":"2024-10-25T03:42:58","modified_gmt":"2024-10-25T03:42:58","slug":"beratung-und-planung","status":"publish","type":"page","link":"https:\/\/computerservice-marzahn.de\/prody\/beratung-und-planung\/","title":{"rendered":"Beratung und Planung"},"content":{"rendered":"<p>Wir bieten Ihnen eine ganzheitliche Beratung und Planung in s\u00e4mtlichen Leistungsbereichen\u00a0 der folgenden Solartechnik aus einer Hand:<\/p>\n<ul>\n<li>Kleine und gro\u00dfe solare Luftsysteme f\u00fcr private und gewerbliche Anwendung<\/li>\n<li>Kleine und gro\u00dfe solare Trocknungsanlagen f\u00fcr unterschiedliche Nutzer: vom aktiven Gartenbesitzer und kleinen Landwirt bis hin zu gro\u00dfen Agrarbetrieben<\/li>\n<li>Kleine und gro\u00dfe solare Wassersysteme f\u00fcr private und gewerbliche Anwendung<\/li>\n<li>Warmwasserbereitung und Heizungsunterst\u00fctzung mittels solaren Hybridkollektoren und Geo-W\u00e4rmepumpen (zusammen mit Fachpartnern)<\/li>\n<li>Kleine autarke PV-Systeme bis 5.000 Wp<\/li>\n<li>Netzgekoppelte PV-Systeme ab 600 kWp (zusammen mit Fachpartnern)<\/li>\n<\/ul>\n<p>Wir unterst\u00fctzen Sie mit unserem Fachwissen und bieten Ihnen eine pers\u00f6nliche und individuelle Beratung in allen Projektphasen. Wie auch immer Ihr Solarprojekt aussieht, k\u00f6nnen Sie sicher sein, dass PRODY SOLAR als zuverl\u00e4ssiger Partner an ihrer Seite steht<\/p>\n<p><span style=\"font-size: revert; color: initial;\">Auswahl Referenzen: Planung<\/span><\/p>\n<ul>\n<li>&#8222;Industrielle Nutzung von Solarluftkollektoren f\u00fcr Heilpflanzentrocknung&#8220; technisches Projekt f\u00fcr die Firma Hofigal SA, Rum\u00e4nien<\/li>\n<li>&#8222;Berechnung der Heizlast und die Auswahl einer neuen effizienten Gasheizanlage&#8220; f\u00fcr die Musikschule Maratstra\u00dfe 182, Berlin &#8211; Marzahn\/Hellersdorf<\/li>\n<li>Konzept und Angebot: thermische Solaranlage nur f\u00fcr WW-Bereitung eines Hotels (ca. 150 Personen\/Tag), Fa. Confort Service -Bukarest \/ Rum\u00e4nien<\/li>\n<li>&#8222;Energetische Sanierung der Heizungsanlage&#8220; &#8211; Evangelische Kirche-Baumschulenweg, Berlin<\/li>\n<li>&#8222;Gro\u00dfe PV \u2013 Anlage : Technik und Wirtschaftlichkeit&#8220; &#8211; Gewerbepark Altenburg<\/li>\n<li>&#8222;Energiealternativen zu der aktuellen elektrischen W\u00e4rmeerzeugung mit dem Einsatz erneuerbarer Energiequellen&#8220; f\u00fcr das Bauobjekt Fredenhorst 5b \u00a0in 16833-K\u00f6nigshorst \/ Brandenburg.<\/li>\n<li>&#8222;Design and planning of a 760 Wp-offgrid system&#8220; Benin, Nigeria<\/li>\n<li>&#8222;Entwurf, Planung und Ausf\u00fchrung eines autarken PV-Systems f\u00fcr die Nutzung einer Wasserbrunnen-Pumpe&#8220; &#8211; Spielplatzinitiative Verein, Berlin-Marzahn<\/li>\n<\/ul>\n\n","protected":false},"excerpt":{"rendered":"<p>Wir bieten Ihnen eine ganzheitliche Beratung und Planung in s\u00e4mtlichen Leistungsbereichen\u00a0 der folgenden Solartechnik aus einer Hand: Kleine und gro\u00dfe solare Luftsysteme f\u00fcr private und gewerbliche Anwendung Kleine und gro\u00dfe solare Trocknungsanlagen f\u00fcr unterschiedliche Nutzer: vom aktiven Gartenbesitzer und kleinen Landwirt bis hin zu gro\u00dfen Agrarbetrieben Kleine und gro\u00dfe solare Wassersysteme f\u00fcr private und gewerbliche&hellip; <\/p>\n<div class=\"readmore-wrapper\"><a href=\"https:\/\/computerservice-marzahn.de\/prody\/beratung-und-planung\/\" class=\"more-link\">Read <\/a><\/div>\n","protected":false},"author":1,"featured_media":0,"parent":0,"menu_order":0,"comment_status":"closed","ping_status":"closed","template":"","meta":{"footnotes":""},"class_list":["post-146","page","type-page","status-publish","hentry","wpautop"],"_links":{"self":[{"href":"https:\/\/computerservice-marzahn.de\/prody\/wp-json\/wp\/v2\/pages\/146","targetHints":{"allow":["GET"]}}],"collection":[{"href":"https:\/\/computerservice-marzahn.de\/prody\/wp-json\/wp\/v2\/pages"}],"about":[{"href":"https:\/\/computerservice-marzahn.de\/prody\/wp-json\/wp\/v2\/types\/page"}],"author":[{"embeddable":true,"href":"https:\/\/computerservice-marzahn.de\/prody\/wp-json\/wp\/v2\/users\/1"}],"replies":[{"embeddable":true,"href":"https:\/\/computerservice-marzahn.de\/prody\/wp-json\/wp\/v2\/comments?post=146"}],"version-history":[{"count":50,"href":"https:\/\/computerservice-marzahn.de\/prody\/wp-json\/wp\/v2\/pages\/146\/revisions"}],"predecessor-version":[{"id":1183,"href":"https:\/\/computerservice-marzahn.de\/prody\/wp-json\/wp\/v2\/pages\/146\/revisions\/1183"}],"wp:attachment":[{"href":"https:\/\/computerservice-marzahn.de\/prody\/wp-json\/wp\/v2\/media?parent=146"}],"curies":[{"name":"wp","href":"https:\/\/api.w.org\/{rel}","templated":true}]}}