{"id":1198,"date":"2024-10-26T19:13:02","date_gmt":"2024-10-26T19:13:02","guid":{"rendered":"https:\/\/computerservice-marzahn.de\/prody\/?page_id=1198"},"modified":"2025-11-21T11:22:41","modified_gmt":"2025-11-21T11:22:41","slug":"fachbuch-shaker-verlag","status":"publish","type":"page","link":"https:\/\/computerservice-marzahn.de\/prody\/fachbuch-shaker-verlag\/","title":{"rendered":"Fachbuch &#8211; Shaker Verlag"},"content":{"rendered":"\n<h3 class=\"element-headline-medium titel\" style=\"text-align: left;\">Solare Trocknung von Heilpflanzen &#8211; <strong>Immer am Puls der Praxis bleiben<\/strong><\/h3>\n<h4><strong>39,80 Eur<\/strong><br \/><strong>ISBN 978-3-8440-9102-1 <\/strong><br \/><strong>ISSN 0945-1021<\/strong><br \/><strong>Shaker Verlag<\/strong><br \/><strong>D\u00fcren, 2023<\/strong><\/h4>\n<h4><img loading=\"lazy\" decoding=\"async\" class=\"alignnone  wp-image-1217\" src=\"https:\/\/computerservice-marzahn.de\/prody\/wp-content\/uploads\/2024\/11\/coperta2.jpg\" alt=\"\" width=\"222\" height=\"315\" srcset=\"https:\/\/computerservice-marzahn.de\/prody\/wp-content\/uploads\/2024\/11\/coperta2.jpg 1058w, https:\/\/computerservice-marzahn.de\/prody\/wp-content\/uploads\/2024\/11\/coperta2-212x300.jpg 212w, https:\/\/computerservice-marzahn.de\/prody\/wp-content\/uploads\/2024\/11\/coperta2-722x1024.jpg 722w, https:\/\/computerservice-marzahn.de\/prody\/wp-content\/uploads\/2024\/11\/coperta2-768x1089.jpg 768w\" sizes=\"auto, (max-width: 222px) 100vw, 222px\" \/> \u00a0\u00a0\u00a0\u00a0\u00a0\u00a0\u00a0\u00a0\u00a0 <img loading=\"lazy\" decoding=\"async\" class=\"alignnone  wp-image-1218\" src=\"https:\/\/computerservice-marzahn.de\/prody\/wp-content\/uploads\/2024\/11\/Bild-02-rotated.jpg\" alt=\"\" width=\"303\" height=\"303\" srcset=\"https:\/\/computerservice-marzahn.de\/prody\/wp-content\/uploads\/2024\/11\/Bild-02-rotated.jpg 2448w, https:\/\/computerservice-marzahn.de\/prody\/wp-content\/uploads\/2024\/11\/Bild-02-300x300.jpg 300w, https:\/\/computerservice-marzahn.de\/prody\/wp-content\/uploads\/2024\/11\/Bild-02-1024x1024.jpg 1024w, https:\/\/computerservice-marzahn.de\/prody\/wp-content\/uploads\/2024\/11\/Bild-02-150x150.jpg 150w, https:\/\/computerservice-marzahn.de\/prody\/wp-content\/uploads\/2024\/11\/Bild-02-768x768.jpg 768w, https:\/\/computerservice-marzahn.de\/prody\/wp-content\/uploads\/2024\/11\/Bild-02-1536x1536.jpg 1536w, https:\/\/computerservice-marzahn.de\/prody\/wp-content\/uploads\/2024\/11\/Bild-02-2048x2048.jpg 2048w, https:\/\/computerservice-marzahn.de\/prody\/wp-content\/uploads\/2024\/11\/Bild-02-1560x1560.jpg 1560w\" sizes=\"auto, (max-width: 303px) 100vw, 303px\" \/><\/h4>\n<h5 style=\"text-align: left;\"><strong>Solare Wasser- und Luftsysteme k\u00f6nnen erfolgreich zur Trocknung von Heilpflanzen angewendet werden. \u00dcbersichtlich und praxisnah vermittelt der Autor in diesem Buch die Technik und den praktischen Einsatz solarer Trocknungssysteme.<\/strong><br \/><strong>Nach der Vorstellung von theoretischen Grundlagen der Konvektionstrocknung behandelt der Autor die einzelnen Bausteine solarer Luft- und Wassersysteme. Die Wirkungsgrade der aktuellen Solarkollektoren werden ausf\u00fchrlich ermittelt, weil nur das im Kollektor gewonnene Solarw\u00e4rme zur Trocknung zur Verf\u00fcgung steht. <\/strong><br \/><strong>Die solare W\u00e4rmespeicherung bringt viele Vorteile mit sich, besonders, wenn ein solarer Abdeckungsgrad f\u00fcr den Trocknungsprozess bis zu 100% als Planungsziel gesetzt wird. In diesem Sinne sind die beiden m\u00f6glichen Speicherungssysteme von Luft und Wasser ausf\u00fchrlich dargestellt.<\/strong><br \/><strong>Beispiele realisierter unterschiedlichen Trocknungssysteme sowohl aus dem deutschsprachigen Raum als auch weltweit bilden einen gro\u00dfen Teil des Buches und geben einen \u00dcberblick \u00fcber die spezifischen solaren technologischen L\u00f6sungen, zudem \u00fcber Einsatzm\u00f6glichkeiten und Entwicklungstendenzen, die von dem Autor identifiziert wurden. Prinzipielle Hinweise f\u00fcr Planungsrichtlinien runden die Darstellungen in diesem Fachbuch ab.<\/strong><\/h5>\n<h5><strong>Solar water and air systems can be successfully applied to dry medicinal plants. Clear and practical, the author conveys the technology and practical use of solar drying systems in this book. After introducing theoretical foundations of convection drying, the author treats the individual building blocks of solar air and water systems. The efficiencies of the current solar collectors are determined in detail, because only the solar heat obtained in the collector is available for drying. Solar heat storage brings many advantages, especially when a solar coverage level for the drying process is set up to 100% as a planning goal. In this sense, the two possible storage systems of air and water are presented in detail. Examples of realised different drying systems both from the German-speaking area and worldwide form a large part of the book and give an overview of the specific solar technological solutions, as well as possible applications and development trends identified by the author. Principal notes for planning guidelines complete the representations in this reference book.<\/strong><\/h5>\n","protected":false},"excerpt":{"rendered":"<p>Solare Trocknung von Heilpflanzen &#8211; Immer am Puls der Praxis bleiben 39,80 EurISBN 978-3-8440-9102-1 ISSN 0945-1021Shaker VerlagD\u00fcren, 2023 \u00a0\u00a0\u00a0\u00a0\u00a0\u00a0\u00a0\u00a0\u00a0 Solare Wasser- und Luftsysteme k\u00f6nnen erfolgreich zur Trocknung von Heilpflanzen angewendet werden. \u00dcbersichtlich und praxisnah vermittelt der Autor in diesem Buch die Technik und den praktischen Einsatz solarer Trocknungssysteme.Nach der Vorstellung von theoretischen Grundlagen der Konvektionstrocknung&hellip; <\/p>\n<div class=\"readmore-wrapper\"><a href=\"https:\/\/computerservice-marzahn.de\/prody\/fachbuch-shaker-verlag\/\" class=\"more-link\">Read <\/a><\/div>\n","protected":false},"author":1,"featured_media":0,"parent":0,"menu_order":0,"comment_status":"closed","ping_status":"closed","template":"","meta":{"footnotes":""},"class_list":["post-1198","page","type-page","status-publish","hentry","wpautop"],"_links":{"self":[{"href":"https:\/\/computerservice-marzahn.de\/prody\/wp-json\/wp\/v2\/pages\/1198","targetHints":{"allow":["GET"]}}],"collection":[{"href":"https:\/\/computerservice-marzahn.de\/prody\/wp-json\/wp\/v2\/pages"}],"about":[{"href":"https:\/\/computerservice-marzahn.de\/prody\/wp-json\/wp\/v2\/types\/page"}],"author":[{"embeddable":true,"href":"https:\/\/computerservice-marzahn.de\/prody\/wp-json\/wp\/v2\/users\/1"}],"replies":[{"embeddable":true,"href":"https:\/\/computerservice-marzahn.de\/prody\/wp-json\/wp\/v2\/comments?post=1198"}],"version-history":[{"count":5,"href":"https:\/\/computerservice-marzahn.de\/prody\/wp-json\/wp\/v2\/pages\/1198\/revisions"}],"predecessor-version":[{"id":1269,"href":"https:\/\/computerservice-marzahn.de\/prody\/wp-json\/wp\/v2\/pages\/1198\/revisions\/1269"}],"wp:attachment":[{"href":"https:\/\/computerservice-marzahn.de\/prody\/wp-json\/wp\/v2\/media?parent=1198"}],"curies":[{"name":"wp","href":"https:\/\/api.w.org\/{rel}","templated":true}]}}