{"id":1193,"date":"2024-10-26T19:07:03","date_gmt":"2024-10-26T19:07:03","guid":{"rendered":"https:\/\/computerservice-marzahn.de\/prody\/?page_id=1193"},"modified":"2024-11-02T09:58:29","modified_gmt":"2024-11-02T09:58:29","slug":"sonnenenergie-dgs","status":"publish","type":"page","link":"https:\/\/computerservice-marzahn.de\/prody\/sonnenenergie-dgs\/","title":{"rendered":"SONNENENERGIE &#8211; offizieles Fachorgan der Deutschen Gesellschaft f\u00fcr Sonnenenrgie e.V."},"content":{"rendered":"\n<ul>\n<li>&#8222;Fl\u00e4chen doppelt nutzen &#8211; Agri-PV gegen voranschreitenden Desertifikation&#8220; 3-2024<\/li>\n<li>\u201eIntegration von Luftspeichersystemen in Trocknungsprozesse\u201c 2021<\/li>\n<li>\u201cSolargetrocknete Heilpflanzen\u201c- Status Quo und Potential\u201c 3-2020<\/li>\n<li>&#8222;SolareTrocknung und Heizungsunterst\u00fctzung\u201c 1-2019<\/li>\n<li>\u201eSolare Aufbereitung von Plattenbau: Recyclinggeb\u00e4ude und Solarluftanlage: eine intelligente\u00a0 Kombination\u201c\u00a0 5-2011<\/li>\n<li>\u201eSolare Trocknung und Heizungsunterst\u00fctzung\u201c 3-2017<\/li>\n<li>\u201eGr\u00fcne Zertifikate f\u00fcr Gr\u00fcnen Strom\u201c- die F\u00f6rderung von EE in Rum\u00e4nien\u201c 1-2011<\/li>\n<li>\u201eSolare Biomasse-Trocknungsprozesse-ein Erfahrungsbericht aus Rum\u00e4nien\u201c 2007<\/li>\n<\/ul>\n\n\n\n\n","protected":false},"excerpt":{"rendered":"<p>&#8222;Fl\u00e4chen doppelt nutzen &#8211; Agri-PV gegen voranschreitenden Desertifikation&#8220; 3-2024 \u201eIntegration von Luftspeichersystemen in Trocknungsprozesse\u201c 2021 \u201cSolargetrocknete Heilpflanzen\u201c- Status Quo und Potential\u201c 3-2020 &#8222;SolareTrocknung und Heizungsunterst\u00fctzung\u201c 1-2019 \u201eSolare Aufbereitung von Plattenbau: Recyclinggeb\u00e4ude und Solarluftanlage: eine intelligente\u00a0 Kombination\u201c\u00a0 5-2011 \u201eSolare Trocknung und Heizungsunterst\u00fctzung\u201c 3-2017 \u201eGr\u00fcne Zertifikate f\u00fcr Gr\u00fcnen Strom\u201c- die F\u00f6rderung von EE in Rum\u00e4nien\u201c 1-2011 \u201eSolare&hellip; <\/p>\n<div class=\"readmore-wrapper\"><a href=\"https:\/\/computerservice-marzahn.de\/prody\/sonnenenergie-dgs\/\" class=\"more-link\">Read <\/a><\/div>\n","protected":false},"author":1,"featured_media":0,"parent":0,"menu_order":0,"comment_status":"closed","ping_status":"closed","template":"","meta":{"footnotes":""},"class_list":["post-1193","page","type-page","status-publish","hentry","wpautop"],"_links":{"self":[{"href":"https:\/\/computerservice-marzahn.de\/prody\/wp-json\/wp\/v2\/pages\/1193","targetHints":{"allow":["GET"]}}],"collection":[{"href":"https:\/\/computerservice-marzahn.de\/prody\/wp-json\/wp\/v2\/pages"}],"about":[{"href":"https:\/\/computerservice-marzahn.de\/prody\/wp-json\/wp\/v2\/types\/page"}],"author":[{"embeddable":true,"href":"https:\/\/computerservice-marzahn.de\/prody\/wp-json\/wp\/v2\/users\/1"}],"replies":[{"embeddable":true,"href":"https:\/\/computerservice-marzahn.de\/prody\/wp-json\/wp\/v2\/comments?post=1193"}],"version-history":[{"count":4,"href":"https:\/\/computerservice-marzahn.de\/prody\/wp-json\/wp\/v2\/pages\/1193\/revisions"}],"predecessor-version":[{"id":1213,"href":"https:\/\/computerservice-marzahn.de\/prody\/wp-json\/wp\/v2\/pages\/1193\/revisions\/1213"}],"wp:attachment":[{"href":"https:\/\/computerservice-marzahn.de\/prody\/wp-json\/wp\/v2\/media?parent=1193"}],"curies":[{"name":"wp","href":"https:\/\/api.w.org\/{rel}","templated":true}]}}