{"id":1006,"date":"2023-04-18T12:36:04","date_gmt":"2023-04-18T12:36:04","guid":{"rendered":"https:\/\/prody-solar.de\/?page_id=1006"},"modified":"2024-11-02T10:03:18","modified_gmt":"2024-11-02T10:03:18","slug":"publikationen","status":"publish","type":"page","link":"https:\/\/computerservice-marzahn.de\/prody\/publikationen\/","title":{"rendered":"Publikationen"},"content":{"rendered":"\n\n\n<p><\/p>\n\n\n\n\n\n<p><strong>SONNENENERGIE<\/strong> &#8211; Offizieles Fachorgan der Deutschen Gesellschaft f\u00fcr Sonnenenrgie e.V.<\/p>\n<ul>\n<li>&#8222;Solare Biomasse-Trocknungsprozesse-ein Erfahrungsbericht aus Rum\u00e4nien&#8220; 2007<\/li>\n<li>&#8222;Gr\u00fcne Zertifikate f\u00fcr Gr\u00fcnen Strom&#8220;- die F\u00f6rderung von EE in Rum\u00e4nien&#8220; 1-2011<\/li>\n<li>&#8222;Solare Trocknung und Heizungsunterst\u00fctzung&#8220; 3-2017<\/li>\n<li>&#8222;Solare Aufbereitung von Plattenbau: Recyclinggeb\u00e4ude und Solarluftanlage: eine intelligente&nbsp; Kombination&#8220;&nbsp; 5-2011<\/li>\n<li>&#8222;SolareTrocknung und Heizungsunterst\u00fctzung&#8220; 1-2019<\/li>\n<li>&#8220; Solargetrocknete Heilpflanzen&#8220;- Status Quo und Potential&#8220; 3-2020<\/li>\n<li>&#8222;Integration von Luftspeichersystemen in Trocknungsprozesse&#8220; 2021<\/li>\n<\/ul>\n\n\n\n<p><\/p>\n\n\n\n<p><\/p>\n\n\n\n<p>\u00a0<\/p>\n<p>\u00a0<\/p>\n<p><strong>\u00a0<\/strong><\/p>\n\n\n","protected":false},"excerpt":{"rendered":"<p>SONNENENERGIE &#8211; Offizieles Fachorgan der Deutschen Gesellschaft f\u00fcr Sonnenenrgie e.V. &#8222;Solare Biomasse-Trocknungsprozesse-ein Erfahrungsbericht aus Rum\u00e4nien&#8220; 2007 &#8222;Gr\u00fcne Zertifikate f\u00fcr Gr\u00fcnen Strom&#8220;- die F\u00f6rderung von EE in Rum\u00e4nien&#8220; 1-2011 &#8222;Solare Trocknung und Heizungsunterst\u00fctzung&#8220; 3-2017 &#8222;Solare Aufbereitung von Plattenbau: Recyclinggeb\u00e4ude und Solarluftanlage: eine intelligente&nbsp; Kombination&#8220;&nbsp; 5-2011 &#8222;SolareTrocknung und Heizungsunterst\u00fctzung&#8220; 1-2019 &#8220; Solargetrocknete Heilpflanzen&#8220;- Status Quo und Potential&#8220;&hellip; <\/p>\n<div class=\"readmore-wrapper\"><a href=\"https:\/\/computerservice-marzahn.de\/prody\/publikationen\/\" class=\"more-link\">Read <\/a><\/div>\n","protected":false},"author":1,"featured_media":0,"parent":0,"menu_order":0,"comment_status":"closed","ping_status":"closed","template":"","meta":{"footnotes":""},"class_list":["post-1006","page","type-page","status-publish","hentry","wpautop"],"_links":{"self":[{"href":"https:\/\/computerservice-marzahn.de\/prody\/wp-json\/wp\/v2\/pages\/1006","targetHints":{"allow":["GET"]}}],"collection":[{"href":"https:\/\/computerservice-marzahn.de\/prody\/wp-json\/wp\/v2\/pages"}],"about":[{"href":"https:\/\/computerservice-marzahn.de\/prody\/wp-json\/wp\/v2\/types\/page"}],"author":[{"embeddable":true,"href":"https:\/\/computerservice-marzahn.de\/prody\/wp-json\/wp\/v2\/users\/1"}],"replies":[{"embeddable":true,"href":"https:\/\/computerservice-marzahn.de\/prody\/wp-json\/wp\/v2\/comments?post=1006"}],"version-history":[{"count":19,"href":"https:\/\/computerservice-marzahn.de\/prody\/wp-json\/wp\/v2\/pages\/1006\/revisions"}],"predecessor-version":[{"id":1214,"href":"https:\/\/computerservice-marzahn.de\/prody\/wp-json\/wp\/v2\/pages\/1006\/revisions\/1214"}],"wp:attachment":[{"href":"https:\/\/computerservice-marzahn.de\/prody\/wp-json\/wp\/v2\/media?parent=1006"}],"curies":[{"name":"wp","href":"https:\/\/api.w.org\/{rel}","templated":true}]}}